{"id":4550,"date":"2021-03-24T11:21:59","date_gmt":"2021-03-24T10:21:59","guid":{"rendered":"https:\/\/www.schrader.de\/ficha-tecnica\/"},"modified":"2025-02-07T12:45:16","modified_gmt":"2025-02-07T11:45:16","slug":"ficha-tecnica","status":"publish","type":"page","link":"https:\/\/www.schrader.de\/pt-br\/ficha-tecnica\/","title":{"rendered":"Ficha t\u00e9cnica"},"content":{"rendered":"\t\t<div data-elementor-type=\"wp-page\" data-elementor-id=\"4550\" class=\"elementor elementor-4550 elementor-193\" data-elementor-post-type=\"page\">\n\t\t\t\t\t\t<section class=\"elementor-section elementor-top-section elementor-element elementor-element-387b7b1 elementor-section-boxed elementor-section-height-default elementor-section-height-default\" data-id=\"387b7b1\" data-element_type=\"section\" data-e-type=\"section\" data-settings=\"{&quot;jet_parallax_layout_list&quot;:[{&quot;jet_parallax_layout_image&quot;:{&quot;url&quot;:&quot;&quot;,&quot;id&quot;:&quot;&quot;,&quot;size&quot;:&quot;&quot;},&quot;_id&quot;:&quot;ed351dd&quot;,&quot;jet_parallax_layout_image_tablet&quot;:{&quot;url&quot;:&quot;&quot;,&quot;id&quot;:&quot;&quot;,&quot;size&quot;:&quot;&quot;},&quot;jet_parallax_layout_image_mobile&quot;:{&quot;url&quot;:&quot;&quot;,&quot;id&quot;:&quot;&quot;,&quot;size&quot;:&quot;&quot;},&quot;jet_parallax_layout_speed&quot;:{&quot;unit&quot;:&quot;%&quot;,&quot;size&quot;:50,&quot;sizes&quot;:[]},&quot;jet_parallax_layout_type&quot;:&quot;scroll&quot;,&quot;jet_parallax_layout_direction&quot;:&quot;1&quot;,&quot;jet_parallax_layout_fx_direction&quot;:null,&quot;jet_parallax_layout_z_index&quot;:&quot;&quot;,&quot;jet_parallax_layout_bg_x&quot;:50,&quot;jet_parallax_layout_bg_x_tablet&quot;:&quot;&quot;,&quot;jet_parallax_layout_bg_x_mobile&quot;:&quot;&quot;,&quot;jet_parallax_layout_bg_y&quot;:50,&quot;jet_parallax_layout_bg_y_tablet&quot;:&quot;&quot;,&quot;jet_parallax_layout_bg_y_mobile&quot;:&quot;&quot;,&quot;jet_parallax_layout_bg_size&quot;:&quot;auto&quot;,&quot;jet_parallax_layout_bg_size_tablet&quot;:&quot;&quot;,&quot;jet_parallax_layout_bg_size_mobile&quot;:&quot;&quot;,&quot;jet_parallax_layout_animation_prop&quot;:&quot;transform&quot;,&quot;jet_parallax_layout_on&quot;:[&quot;desktop&quot;,&quot;tablet&quot;]}]}\">\n\t\t\t\t\t\t<div class=\"elementor-container elementor-column-gap-default\">\n\t\t\t\t\t<div class=\"elementor-column elementor-col-100 elementor-top-column elementor-element elementor-element-f63d8a0\" data-id=\"f63d8a0\" data-element_type=\"column\" data-e-type=\"column\">\n\t\t\t<div class=\"elementor-widget-wrap\">\n\t\t\t\t\t\t\t<\/div>\n\t\t<\/div>\n\t\t\t\t\t<\/div>\n\t\t<\/section>\n\t\t\t\t<section class=\"elementor-section elementor-top-section elementor-element elementor-element-2b6a2ca elementor-section-boxed elementor-section-height-default elementor-section-height-default\" data-id=\"2b6a2ca\" data-element_type=\"section\" data-e-type=\"section\" data-settings=\"{&quot;jet_parallax_layout_list&quot;:[{&quot;jet_parallax_layout_image&quot;:{&quot;url&quot;:&quot;&quot;,&quot;id&quot;:&quot;&quot;,&quot;size&quot;:&quot;&quot;},&quot;_id&quot;:&quot;d4497ea&quot;,&quot;jet_parallax_layout_image_tablet&quot;:{&quot;url&quot;:&quot;&quot;,&quot;id&quot;:&quot;&quot;,&quot;size&quot;:&quot;&quot;},&quot;jet_parallax_layout_image_mobile&quot;:{&quot;url&quot;:&quot;&quot;,&quot;id&quot;:&quot;&quot;,&quot;size&quot;:&quot;&quot;},&quot;jet_parallax_layout_speed&quot;:{&quot;unit&quot;:&quot;%&quot;,&quot;size&quot;:50,&quot;sizes&quot;:[]},&quot;jet_parallax_layout_type&quot;:&quot;scroll&quot;,&quot;jet_parallax_layout_direction&quot;:&quot;1&quot;,&quot;jet_parallax_layout_fx_direction&quot;:null,&quot;jet_parallax_layout_z_index&quot;:&quot;&quot;,&quot;jet_parallax_layout_bg_x&quot;:50,&quot;jet_parallax_layout_bg_x_tablet&quot;:&quot;&quot;,&quot;jet_parallax_layout_bg_x_mobile&quot;:&quot;&quot;,&quot;jet_parallax_layout_bg_y&quot;:50,&quot;jet_parallax_layout_bg_y_tablet&quot;:&quot;&quot;,&quot;jet_parallax_layout_bg_y_mobile&quot;:&quot;&quot;,&quot;jet_parallax_layout_bg_size&quot;:&quot;auto&quot;,&quot;jet_parallax_layout_bg_size_tablet&quot;:&quot;&quot;,&quot;jet_parallax_layout_bg_size_mobile&quot;:&quot;&quot;,&quot;jet_parallax_layout_animation_prop&quot;:&quot;transform&quot;,&quot;jet_parallax_layout_on&quot;:[&quot;desktop&quot;,&quot;tablet&quot;]}]}\">\n\t\t\t\t\t\t<div class=\"elementor-container elementor-column-gap-default\">\n\t\t\t\t\t<div class=\"elementor-column elementor-col-100 elementor-top-column elementor-element elementor-element-e6e7e40\" data-id=\"e6e7e40\" data-element_type=\"column\" data-e-type=\"column\">\n\t\t\t<div class=\"elementor-widget-wrap elementor-element-populated\">\n\t\t\t\t\t\t\t<\/div>\n\t\t<\/div>\n\t\t\t\t\t<\/div>\n\t\t<\/section>\n\t\t\t\t<section class=\"elementor-section elementor-top-section elementor-element elementor-element-245472ac elementor-section-boxed elementor-section-height-default elementor-section-height-default\" data-id=\"245472ac\" data-element_type=\"section\" data-e-type=\"section\" data-settings=\"{&quot;jet_parallax_layout_list&quot;:[{&quot;jet_parallax_layout_image&quot;:{&quot;url&quot;:&quot;&quot;,&quot;id&quot;:&quot;&quot;,&quot;size&quot;:&quot;&quot;},&quot;_id&quot;:&quot;35a95c6&quot;,&quot;jet_parallax_layout_image_tablet&quot;:{&quot;url&quot;:&quot;&quot;,&quot;id&quot;:&quot;&quot;,&quot;size&quot;:&quot;&quot;},&quot;jet_parallax_layout_image_mobile&quot;:{&quot;url&quot;:&quot;&quot;,&quot;id&quot;:&quot;&quot;,&quot;size&quot;:&quot;&quot;},&quot;jet_parallax_layout_speed&quot;:{&quot;unit&quot;:&quot;%&quot;,&quot;size&quot;:50,&quot;sizes&quot;:[]},&quot;jet_parallax_layout_type&quot;:&quot;scroll&quot;,&quot;jet_parallax_layout_direction&quot;:&quot;1&quot;,&quot;jet_parallax_layout_fx_direction&quot;:null,&quot;jet_parallax_layout_z_index&quot;:&quot;&quot;,&quot;jet_parallax_layout_bg_x&quot;:50,&quot;jet_parallax_layout_bg_x_tablet&quot;:&quot;&quot;,&quot;jet_parallax_layout_bg_x_mobile&quot;:&quot;&quot;,&quot;jet_parallax_layout_bg_y&quot;:50,&quot;jet_parallax_layout_bg_y_tablet&quot;:&quot;&quot;,&quot;jet_parallax_layout_bg_y_mobile&quot;:&quot;&quot;,&quot;jet_parallax_layout_bg_size&quot;:&quot;auto&quot;,&quot;jet_parallax_layout_bg_size_tablet&quot;:&quot;&quot;,&quot;jet_parallax_layout_bg_size_mobile&quot;:&quot;&quot;,&quot;jet_parallax_layout_animation_prop&quot;:&quot;transform&quot;,&quot;jet_parallax_layout_on&quot;:[&quot;desktop&quot;,&quot;tablet&quot;]}]}\">\n\t\t\t\t\t\t<div class=\"elementor-container elementor-column-gap-default\">\n\t\t\t\t\t<div class=\"elementor-column elementor-col-50 elementor-top-column elementor-element elementor-element-112bcef\" data-id=\"112bcef\" data-element_type=\"column\" data-e-type=\"column\">\n\t\t\t<div class=\"elementor-widget-wrap elementor-element-populated\">\n\t\t\t\t\t\t<div class=\"elementor-element elementor-element-0a8a850 elementor-widget elementor-widget-heading\" data-id=\"0a8a850\" data-element_type=\"widget\" data-e-type=\"widget\" data-widget_type=\"heading.default\">\n\t\t\t\t\t<h2 class=\"elementor-heading-title elementor-size-default\">SCHRADER Apparatebau GmbH<\/h2>\t\t\t\t<\/div>\n\t\t\t\t<div class=\"elementor-element elementor-element-281697d elementor-widget elementor-widget-text-editor\" data-id=\"281697d\" data-element_type=\"widget\" data-e-type=\"widget\" data-widget_type=\"text-editor.default\">\n\t\t\t\t\t\t\t\t\t<p>Schleebergstrasse 12<br \/>D-59320 Ennigerloh<\/p><p><strong>Telefone:<\/strong>\u00a002524-266-0<br \/><strong>Fax:<\/strong>\u00a002524-266-50<br \/><strong>E-mail:<\/strong>\u00a0<a href=\"mailto:info@schrader.de\">info@schrader.de<\/a><\/p><p><strong>Diretor executivo:<\/strong><br \/>Dirk Darmst\u00e4dter<\/p><p><strong>N\u00fameros de registro:<\/strong><br \/>SCHRADER Apparatebau GmbH \u00b7 HRB 9382<\/p><p><strong>Local de jurisdi\u00e7\u00e3o:<\/strong><br \/>Tribunal Distrital de M\u00fcnster<\/p><p><strong>N\u00famero de identifica\u00e7\u00e3o do imposto sobre vendas:<\/strong><br \/>SCHRADER Apparatebau GmbH \u00b7 DE 123 994 162<\/p>\t\t\t\t\t\t\t\t<\/div>\n\t\t\t\t\t<\/div>\n\t\t<\/div>\n\t\t\t\t<div class=\"elementor-column elementor-col-50 elementor-top-column elementor-element elementor-element-29ac832\" data-id=\"29ac832\" data-element_type=\"column\" data-e-type=\"column\">\n\t\t\t<div class=\"elementor-widget-wrap elementor-element-populated\">\n\t\t\t\t\t\t<div class=\"elementor-element elementor-element-a100f6b elementor-widget elementor-widget-heading\" data-id=\"a100f6b\" data-element_type=\"widget\" data-e-type=\"widget\" data-widget_type=\"heading.default\">\n\t\t\t\t\t<h2 class=\"elementor-heading-title elementor-size-default\">SCHRADER Fluid Technology GmbH<\/h2>\t\t\t\t<\/div>\n\t\t\t\t<div class=\"elementor-element elementor-element-6387186 elementor-widget elementor-widget-text-editor\" data-id=\"6387186\" data-element_type=\"widget\" data-e-type=\"widget\" data-widget_type=\"text-editor.default\">\n\t\t\t\t\t\t\t\t\t<p>Schleebergstrasse 12<br \/>D-59320 Ennigerloh<\/p><p><strong>Telefone:<\/strong>\u00a002524-266-0<br \/><strong>Fax:<\/strong>\u00a002524-266-50<br \/><strong>E-mail:<\/strong>\u00a0<a title=\"E-mail para SCHRADER\" href=\"mailto:info@schrader.de\">info@schrader.de<\/a><\/p><p><strong>Diretor executivo:<\/strong><br \/>Carsten Steiling<br \/>Dirk Darmst\u00e4dter<\/p><p><strong>N\u00fameros de registro:<\/strong><br \/>SCHRADER Fluid Technology GmbH \u00b7 HRB 9610<\/p><p><strong>Local de jurisdi\u00e7\u00e3o:<\/strong><br \/>Tribunal Distrital de M\u00fcnster<\/p><p><strong>N\u00famero de identifica\u00e7\u00e3o do imposto sobre vendas:<\/strong><br \/>SCHRADER Fluid Technology GmbH \u00b7 DE 123 994 179<\/p>\t\t\t\t\t\t\t\t<\/div>\n\t\t\t\t\t<\/div>\n\t\t<\/div>\n\t\t\t\t\t<\/div>\n\t\t<\/section>\n\t\t\t\t<section class=\"elementor-section elementor-top-section elementor-element elementor-element-d961fb8 elementor-section-boxed elementor-section-height-default elementor-section-height-default\" data-id=\"d961fb8\" data-element_type=\"section\" data-e-type=\"section\" data-settings=\"{&quot;jet_parallax_layout_list&quot;:[{&quot;jet_parallax_layout_image&quot;:{&quot;url&quot;:&quot;&quot;,&quot;id&quot;:&quot;&quot;,&quot;size&quot;:&quot;&quot;},&quot;_id&quot;:&quot;79c24e5&quot;,&quot;jet_parallax_layout_image_tablet&quot;:{&quot;url&quot;:&quot;&quot;,&quot;id&quot;:&quot;&quot;,&quot;size&quot;:&quot;&quot;},&quot;jet_parallax_layout_image_mobile&quot;:{&quot;url&quot;:&quot;&quot;,&quot;id&quot;:&quot;&quot;,&quot;size&quot;:&quot;&quot;},&quot;jet_parallax_layout_speed&quot;:{&quot;unit&quot;:&quot;%&quot;,&quot;size&quot;:50,&quot;sizes&quot;:[]},&quot;jet_parallax_layout_type&quot;:&quot;scroll&quot;,&quot;jet_parallax_layout_direction&quot;:&quot;1&quot;,&quot;jet_parallax_layout_fx_direction&quot;:null,&quot;jet_parallax_layout_z_index&quot;:&quot;&quot;,&quot;jet_parallax_layout_bg_x&quot;:50,&quot;jet_parallax_layout_bg_x_tablet&quot;:&quot;&quot;,&quot;jet_parallax_layout_bg_x_mobile&quot;:&quot;&quot;,&quot;jet_parallax_layout_bg_y&quot;:50,&quot;jet_parallax_layout_bg_y_tablet&quot;:&quot;&quot;,&quot;jet_parallax_layout_bg_y_mobile&quot;:&quot;&quot;,&quot;jet_parallax_layout_bg_size&quot;:&quot;auto&quot;,&quot;jet_parallax_layout_bg_size_tablet&quot;:&quot;&quot;,&quot;jet_parallax_layout_bg_size_mobile&quot;:&quot;&quot;,&quot;jet_parallax_layout_animation_prop&quot;:&quot;transform&quot;,&quot;jet_parallax_layout_on&quot;:[&quot;desktop&quot;,&quot;tablet&quot;]}]}\">\n\t\t\t\t\t\t<div class=\"elementor-container elementor-column-gap-default\">\n\t\t\t\t\t<div class=\"elementor-column elementor-col-50 elementor-top-column elementor-element elementor-element-a1b9b8a\" data-id=\"a1b9b8a\" data-element_type=\"column\" data-e-type=\"column\">\n\t\t\t<div class=\"elementor-widget-wrap elementor-element-populated\">\n\t\t\t\t\t\t<div class=\"elementor-element elementor-element-8bebf3f elementor-widget elementor-widget-heading\" data-id=\"8bebf3f\" data-element_type=\"widget\" data-e-type=\"widget\" data-widget_type=\"heading.default\">\n\t\t\t\t\t<h2 class=\"elementor-heading-title elementor-size-default\">SCHRADER Verfahrenstechnik GmbH<\/h2>\t\t\t\t<\/div>\n\t\t\t\t<div class=\"elementor-element elementor-element-7885781 elementor-widget elementor-widget-text-editor\" data-id=\"7885781\" data-element_type=\"widget\" data-e-type=\"widget\" data-widget_type=\"text-editor.default\">\n\t\t\t\t\t\t\t\t\t<p>Schleebergstrasse 12<br \/>D-59320 Ennigerloh<\/p><p><strong>Telefone:<\/strong>\u00a002524-266-0<br \/><strong>Fax:<\/strong>\u00a002524-266-50<br \/><strong>E-mail:<\/strong>\u00a0<a title=\"E-mail para SCHRADER\" href=\"mailto:info@schrader.de\">info@schrader.de<\/a><\/p><p><strong>Diretor executivo:<\/strong><br \/>Jan Schneider<br \/>Dirk Darmst\u00e4dter<\/p><p><strong>N\u00fameros de registro:<\/strong><br \/>SCHRADER Verfahrenstechnik GmbH \u00b7 HRB 9391<\/p><p><strong>Local de jurisdi\u00e7\u00e3o:<\/strong><br \/>Tribunal Distrital de M\u00fcnster<\/p><p><strong>N\u00famero de identifica\u00e7\u00e3o do imposto sobre vendas:<\/strong><br \/>SCHRADER Verfahrenstechnik GmbH \u00b7 DE 123 994 187<\/p>\t\t\t\t\t\t\t\t<\/div>\n\t\t\t\t\t<\/div>\n\t\t<\/div>\n\t\t\t\t<div class=\"elementor-column elementor-col-50 elementor-top-column elementor-element elementor-element-e280223\" data-id=\"e280223\" data-element_type=\"column\" data-e-type=\"column\">\n\t\t\t<div class=\"elementor-widget-wrap elementor-element-populated\">\n\t\t\t\t\t\t<div class=\"elementor-element elementor-element-e03536f elementor-widget elementor-widget-heading\" data-id=\"e03536f\" data-element_type=\"widget\" data-e-type=\"widget\" data-widget_type=\"heading.default\">\n\t\t\t\t\t<h2 class=\"elementor-heading-title elementor-size-default\">SCHRADER Engineering und Service GmbH<\/h2>\t\t\t\t<\/div>\n\t\t\t\t<div class=\"elementor-element elementor-element-70cdb8e elementor-widget elementor-widget-text-editor\" data-id=\"70cdb8e\" data-element_type=\"widget\" data-e-type=\"widget\" data-widget_type=\"text-editor.default\">\n\t\t\t\t\t\t\t\t\t<p>Schleebergstrasse 12<br \/>D-59320 Ennigerloh<\/p><p><strong>Telefone:<\/strong>\u00a002524-266-0<br \/><strong>Fax:<\/strong>\u00a002524-266-50<br \/><strong>E-mail:<\/strong>\u00a0<a title=\"E-mail para SCHRADER\" href=\"mailto:info@schrader.de\">info@schrader.de<\/a><\/p><p><strong>Diretor executivo:<\/strong><br \/>Jan Schneider<br \/>Dirk Darmst\u00e4dter<\/p><p><strong>N\u00fameros de registro:<\/strong><br \/>SCHRADER Engineering und Service GmbH \u00b7 HRB 16348<\/p><p><strong>Local de jurisdi\u00e7\u00e3o:<\/strong><br \/>Tribunal Distrital de M\u00fcnster<\/p><p><strong>N\u00famero de identifica\u00e7\u00e3o do imposto sobre vendas:<\/strong><br \/>SCHRADER Engineering und Service GmbH \u00b7 DE 276 198 840<\/p>\t\t\t\t\t\t\t\t<\/div>\n\t\t\t\t\t<\/div>\n\t\t<\/div>\n\t\t\t\t\t<\/div>\n\t\t<\/section>\n\t\t\t\t<\/div>\n\t\t","protected":false},"excerpt":{"rendered":"<p>SCHRADER Apparatebau GmbH Schleebergstrasse 12D-59320 Ennigerloh Telefone:\u00a002524-266-0Fax:\u00a002524-266-50E-mail:\u00a0info@schrader.de Diretor executivo:Dirk Darmst\u00e4dter N\u00fameros de registro:SCHRADER Apparatebau GmbH \u00b7 HRB 9382 Local de jurisdi\u00e7\u00e3o:Tribunal Distrital de M\u00fcnster N\u00famero de identifica\u00e7\u00e3o do imposto sobre vendas:SCHRADER Apparatebau GmbH \u00b7 DE 123 994 162 SCHRADER Fluid Technology GmbH Schleebergstrasse 12D-59320 Ennigerloh Telefone:\u00a002524-266-0Fax:\u00a002524-266-50E-mail:\u00a0info@schrader.de Diretor executivo:Carsten SteilingDirk Darmst\u00e4dter N\u00fameros de registro:SCHRADER Fluid Technology [&hellip;]<\/p>\n","protected":false},"author":1,"featured_media":0,"parent":0,"menu_order":0,"comment_status":"closed","ping_status":"closed","template":"","meta":{"footnotes":""},"class_list":["post-4550","page","type-page","status-publish","hentry"],"_links":{"self":[{"href":"https:\/\/www.schrader.de\/pt-br\/wp-json\/wp\/v2\/pages\/4550","targetHints":{"allow":["GET"]}}],"collection":[{"href":"https:\/\/www.schrader.de\/pt-br\/wp-json\/wp\/v2\/pages"}],"about":[{"href":"https:\/\/www.schrader.de\/pt-br\/wp-json\/wp\/v2\/types\/page"}],"author":[{"embeddable":true,"href":"https:\/\/www.schrader.de\/pt-br\/wp-json\/wp\/v2\/users\/1"}],"replies":[{"embeddable":true,"href":"https:\/\/www.schrader.de\/pt-br\/wp-json\/wp\/v2\/comments?post=4550"}],"version-history":[{"count":26,"href":"https:\/\/www.schrader.de\/pt-br\/wp-json\/wp\/v2\/pages\/4550\/revisions"}],"predecessor-version":[{"id":14536,"href":"https:\/\/www.schrader.de\/pt-br\/wp-json\/wp\/v2\/pages\/4550\/revisions\/14536"}],"wp:attachment":[{"href":"https:\/\/www.schrader.de\/pt-br\/wp-json\/wp\/v2\/media?parent=4550"}],"curies":[{"name":"wp","href":"https:\/\/api.w.org\/{rel}","templated":true}]}}